{"id":6296,"date":"2022-03-28T22:35:30","date_gmt":"2022-03-28T20:35:30","guid":{"rendered":"https:\/\/zepanatyral.al\/product\/white-goat-cheese-900gr\/"},"modified":"2024-07-11T15:46:35","modified_gmt":"2024-07-11T13:46:35","slug":"djath-i-bardhe-dhie-900gr-2","status":"publish","type":"product","link":"https:\/\/zepanatyral.al\/en\/product\/djath-i-bardhe-dhie-900gr-2\/","title":{"rendered":"White Goat Cheese 900gr"},"content":{"rendered":"<p>First quality goat cheese, 900 gr. I r\u00ebnd\u00ebsish\u00ebm p\u00ebr t\u00eb rip\u00ebrt\u00ebrir\u00eb dhe rind\u00ebrtuar kockat q\u00eb stimulojn\u00eb punen e traktit t\u00eb tretjes.<\/p>\n<table class=\"nutrition__table\">\n<tbody>\n<tr>\n<th>Average nutritional values<\/th>\n<th>p\u00ebr 100g<\/th>\n<\/tr>\n<tr>\n<td>Energy values<\/td>\n<td>1397.4 kJ \/ 335 kcal<\/td>\n<\/tr>\n<tr>\n<td>Fat<\/td>\n<td>27.10g<\/td>\n<\/tr>\n<tr>\n<td>Saturated fats<\/td>\n<td>17.28 g<\/td>\n<\/tr>\n<tr>\n<td>Carbohydrate<\/td>\n<td>0.87g<\/td>\n<\/tr>\n<tr>\n<td>Of which sugar<\/td>\n<td>0.09 g<\/td>\n<\/tr>\n<tr>\n<td>Proteins<\/td>\n<td>21.56g<\/td>\n<\/tr>\n<tr>\n<td>Salt<\/td>\n<td>3.76g<\/td>\n<\/tr>\n<\/tbody>\n<\/table>\n","protected":false},"excerpt":{"rendered":"<p>First quality goat cheese, 900 gr. I r\u00ebnd\u00ebsish\u00ebm p\u00ebr t\u00eb rip\u00ebrt\u00ebrir\u00eb dhe rind\u00ebrtuar kockat q\u00eb stimulojn\u00eb punen e traktit t\u00eb tretjes. Average nutritional values p\u00ebr 100g Energy values 1397.4 kJ \/ 335 kcal Fat 27.10g Saturated fats 17.28 g Carbohydrate 0.87g Of which sugar 0.09 g Proteins 21.56g Salt 3.76g<\/p>\n","protected":false},"featured_media":6050,"template":"","meta":{"nf_dc_page":""},"product_brand":[],"product_cat":[173],"product_tag":[],"class_list":{"0":"post-6296","1":"product","2":"type-product","3":"status-publish","4":"has-post-thumbnail","6":"product_cat-cheese","8":"first","9":"instock","10":"shipping-taxable","11":"purchasable","12":"product-type-simple"},"_links":{"self":[{"href":"https:\/\/zepanatyral.al\/en\/wp-json\/wp\/v2\/product\/6296","targetHints":{"allow":["GET"]}}],"collection":[{"href":"https:\/\/zepanatyral.al\/en\/wp-json\/wp\/v2\/product"}],"about":[{"href":"https:\/\/zepanatyral.al\/en\/wp-json\/wp\/v2\/types\/product"}],"wp:featuredmedia":[{"embeddable":true,"href":"https:\/\/zepanatyral.al\/en\/wp-json\/wp\/v2\/media\/6050"}],"wp:attachment":[{"href":"https:\/\/zepanatyral.al\/en\/wp-json\/wp\/v2\/media?parent=6296"}],"wp:term":[{"taxonomy":"product_brand","embeddable":true,"href":"https:\/\/zepanatyral.al\/en\/wp-json\/wp\/v2\/product_brand?post=6296"},{"taxonomy":"product_cat","embeddable":true,"href":"https:\/\/zepanatyral.al\/en\/wp-json\/wp\/v2\/product_cat?post=6296"},{"taxonomy":"product_tag","embeddable":true,"href":"https:\/\/zepanatyral.al\/en\/wp-json\/wp\/v2\/product_tag?post=6296"}],"curies":[{"name":"wp","href":"https:\/\/api.w.org\/{rel}","templated":true}]}}