{"id":7308,"date":"2026-03-02T08:43:53","date_gmt":"2026-03-02T07:43:53","guid":{"rendered":"https:\/\/zepanatyral.al\/?post_type=product&#038;p=7308"},"modified":"2026-03-13T08:54:52","modified_gmt":"2026-03-13T07:54:52","slug":"ayran-370-ml","status":"publish","type":"product","link":"https:\/\/zepanatyral.al\/en\/product\/ayran-370-ml\/","title":{"rendered":"Ayran 370 ml"},"content":{"rendered":"<p>Ayran, Qum\u00ebsht lope i pasterizuar 50% (p\u00ebrmban laktoz\u00eb), uj\u00eb, krip\u00eb, \u00a0ferment laktik.<\/p>\n<table class=\"nutrition__table\">\n<tbody>\n<tr>\n<th>Vlerat ushqyese mesatare<\/th>\n<th>p\u00ebr 100g<\/th>\n<\/tr>\n<tr>\n<td>Vlerat energjitike<\/td>\n<td>113 kJ \/ 27 kcal<\/td>\n<\/tr>\n<tr>\n<td>Yndyr\u00eb<\/td>\n<td>1.5 g<\/td>\n<\/tr>\n<tr>\n<td>Yndyrna te ngopura<\/td>\n<td>0.9 g<\/td>\n<\/tr>\n<tr>\n<td>Karbohidrate<\/td>\n<td>1.8 g<\/td>\n<\/tr>\n<tr>\n<td>Nga te cilat sheqer<\/td>\n<td>1.8 g<\/td>\n<\/tr>\n<tr>\n<td>Proteina \/ Proteins<\/td>\n<td>1.5 g<\/td>\n<\/tr>\n<tr>\n<td>Kripe<\/td>\n<td>1 g<\/td>\n<\/tr>\n<\/tbody>\n<\/table>\n","protected":false},"excerpt":{"rendered":"<p>Ayran, Qum\u00ebsht lope i pasterizuar 50% (p\u00ebrmban laktoz\u00eb), uj\u00eb, krip\u00eb, \u00a0ferment laktik. Vlerat ushqyese mesatare p\u00ebr 100g Vlerat energjitike 113 kJ \/ 27 kcal Yndyr\u00eb 1.5 g Yndyrna te ngopura 0.9 g Karbohidrate 1.8 g Nga te cilat sheqer 1.8 g Proteina \/ Proteins 1.5 g Kripe 1 g<\/p>\n","protected":false},"featured_media":7580,"template":"","meta":{"nf_dc_page":""},"product_brand":[],"product_cat":[192],"product_tag":[],"class_list":{"0":"post-7308","1":"product","2":"type-product","3":"status-publish","4":"has-post-thumbnail","6":"product_cat-ayran","8":"first","9":"instock","10":"shipping-taxable","11":"purchasable","12":"product-type-simple"},"_links":{"self":[{"href":"https:\/\/zepanatyral.al\/en\/wp-json\/wp\/v2\/product\/7308","targetHints":{"allow":["GET"]}}],"collection":[{"href":"https:\/\/zepanatyral.al\/en\/wp-json\/wp\/v2\/product"}],"about":[{"href":"https:\/\/zepanatyral.al\/en\/wp-json\/wp\/v2\/types\/product"}],"wp:featuredmedia":[{"embeddable":true,"href":"https:\/\/zepanatyral.al\/en\/wp-json\/wp\/v2\/media\/7580"}],"wp:attachment":[{"href":"https:\/\/zepanatyral.al\/en\/wp-json\/wp\/v2\/media?parent=7308"}],"wp:term":[{"taxonomy":"product_brand","embeddable":true,"href":"https:\/\/zepanatyral.al\/en\/wp-json\/wp\/v2\/product_brand?post=7308"},{"taxonomy":"product_cat","embeddable":true,"href":"https:\/\/zepanatyral.al\/en\/wp-json\/wp\/v2\/product_cat?post=7308"},{"taxonomy":"product_tag","embeddable":true,"href":"https:\/\/zepanatyral.al\/en\/wp-json\/wp\/v2\/product_tag?post=7308"}],"curies":[{"name":"wp","href":"https:\/\/api.w.org\/{rel}","templated":true}]}}